{"id":309,"date":"2020-01-13T11:17:52","date_gmt":"2020-01-13T11:17:52","guid":{"rendered":"https:\/\/demosites.io\/web-agency-gb\/?page_id=5"},"modified":"2025-01-28T16:10:30","modified_gmt":"2025-01-28T19:10:30","slug":"15c42-web-agency-gb-home","status":"publish","type":"page","link":"https:\/\/jadigital.com.br\/","title":{"rendered":"Home"},"content":{"rendered":"\n<div class=\"wp-block-cover alignfull is-light\" style=\"min-height:700px;aspect-ratio:unset;\"><span aria-hidden=\"true\" class=\"wp-block-cover__background has-background-dim-0 has-background-dim\"><\/span><img loading=\"lazy\" decoding=\"async\" width=\"2560\" height=\"1439\" class=\"wp-block-cover__image-background wp-image-533\" alt=\"\" src=\"http:\/\/jadigital.com.br\/wp-content\/uploads\/2024\/02\/BANNER12-scaled.jpg\" data-object-fit=\"cover\" srcset=\"https:\/\/jadigital.com.br\/wp-content\/uploads\/2024\/02\/BANNER12-scaled.jpg 2560w, https:\/\/jadigital.com.br\/wp-content\/uploads\/2024\/02\/BANNER12-300x169.jpg 300w, https:\/\/jadigital.com.br\/wp-content\/uploads\/2024\/02\/BANNER12-1024x576.jpg 1024w, https:\/\/jadigital.com.br\/wp-content\/uploads\/2024\/02\/BANNER12-768x432.jpg 768w, https:\/\/jadigital.com.br\/wp-content\/uploads\/2024\/02\/BANNER12-1536x864.jpg 1536w, https:\/\/jadigital.com.br\/wp-content\/uploads\/2024\/02\/BANNER12-2048x1151.jpg 2048w\" sizes=\"auto, (max-width: 2560px) 100vw, 2560px\" \/><div class=\"wp-block-cover__inner-container is-layout-flow wp-block-cover-is-layout-flow\">\n<div style=\"height:80px\" aria-hidden=\"true\" class=\"wp-block-spacer\"><\/div>\n\n\n\n<div style=\"height:288px\" aria-hidden=\"true\" class=\"wp-block-spacer\"><\/div>\n\n\n\n<h2 class=\"wp-block-heading has-text-align-right has-text-color\" style=\"color:#121212\">O J\u00e1 Digital tem tudo<br>que voc\u00ea precisa para<br>facilitar seu dia a dia.<\/h2>\n\n\n\n<p class=\"has-text-align-right has-text-color\" style=\"color:#121212;font-size:17px\">Vida financeira,mobilidade e<br>benef\u00edcios em apenas um cart\u00e3o<\/p>\n\n\n\n<div class=\"wp-block-buttons is-horizontal is-content-justification-right is-layout-flex wp-container-core-buttons-is-layout-ae2fe186 wp-block-buttons-is-layout-flex\">\n<div class=\"wp-block-button is-style-primary\"><a class=\"wp-block-button__link wp-element-button\" href=\"https:\/\/jadigital.ib.jadigital.com.br\/auth\/login\">ABRA SUA CONTA J\u00c1<\/a><\/div>\n<\/div>\n\n\n\n<div style=\"height:80px\" aria-hidden=\"true\" class=\"wp-block-spacer\"><\/div>\n\n\n\n<div style=\"height:80px\" aria-hidden=\"true\" class=\"wp-block-spacer\"><\/div>\n<\/div><\/div>\n\n\n\n<div style=\"height:80px\" aria-hidden=\"true\" class=\"wp-block-spacer\"><\/div>\n\n\n\n<div class=\"wp-block-columns is-layout-flex wp-container-core-columns-is-layout-9d6595d7 wp-block-columns-is-layout-flex\">\n<div class=\"wp-block-column is-layout-flow wp-block-column-is-layout-flow\"><div class=\"wp-block-image icon-style is-style-rounded\">\n<figure class=\"aligncenter size-large\"><img loading=\"lazy\" decoding=\"async\" width=\"72\" height=\"72\" src=\"http:\/\/jadigital.com.br\/wp-content\/uploads\/2020\/01\/neve-webdesign-GB-03.png\" alt=\"\" class=\"wp-image-20\" title=\"\"\/><\/figure>\n<\/div>\n\n\n<div style=\"height:20px\" aria-hidden=\"true\" class=\"wp-block-spacer\"><\/div>\n\n\n\n<h3 class=\"wp-block-heading has-text-align-center has-neve-text-color-color has-text-color\">Pagamento de Contas<\/h3>\n\n\n\n<p class=\"has-text-align-center\">Com o J\u00e1 Digital, quitar contas torna-se \u00e1gil e descomplicado. Pagamentos com apenas alguns cliques, sem sair de casa. Desfrute da facilidade que oferecemos para que tenha mais tempo para o que realmente importa.<\/p>\n\n\n\n<div style=\"height:20px\" aria-hidden=\"true\" class=\"wp-block-spacer\"><\/div>\n<\/div>\n\n\n\n<div class=\"wp-block-column is-layout-flow wp-block-column-is-layout-flow\"><div class=\"wp-block-image icon-style is-style-rounded\">\n<figure class=\"aligncenter size-large\"><img loading=\"lazy\" decoding=\"async\" width=\"72\" height=\"72\" src=\"http:\/\/jadigital.com.br\/wp-content\/uploads\/2020\/01\/neve-webdesign-GB-04.png\" alt=\"\" class=\"wp-image-21\"\/><\/figure>\n<\/div>\n\n\n<div style=\"height:20px\" aria-hidden=\"true\" class=\"wp-block-spacer\"><\/div>\n\n\n\n<h3 class=\"wp-block-heading has-text-align-center has-neve-text-color-color has-text-color\">Pix<\/h3>\n\n\n\n<p class=\"has-text-align-center\">Com apenas alguns toques, seu dinheiro \u00e9 enviado ou recebido na velocidade da tecnologia. Simplificamos para tornar suas transa\u00e7\u00f5es r\u00e1pidas, seguras e eficientes. Experimente a revolu\u00e7\u00e3o do PIX.<\/p>\n\n\n\n<div style=\"height:20px\" aria-hidden=\"true\" class=\"wp-block-spacer\"><\/div>\n<\/div>\n\n\n\n<div class=\"wp-block-column is-layout-flow wp-block-column-is-layout-flow\"><div class=\"wp-block-image icon-style is-style-rounded\">\n<figure class=\"aligncenter size-large\"><img loading=\"lazy\" decoding=\"async\" width=\"72\" height=\"72\" src=\"http:\/\/jadigital.com.br\/wp-content\/uploads\/2020\/01\/neve-webdesign-GB-01.png\" alt=\"\" class=\"wp-image-18\"\/><\/figure>\n<\/div>\n\n\n<div style=\"height:20px\" aria-hidden=\"true\" class=\"wp-block-spacer\"><\/div>\n\n\n\n<h3 class=\"wp-block-heading has-text-align-center has-neve-text-color-color has-text-color\">Recarga de Celular<\/h3>\n\n\n\n<p class=\"has-text-align-center\">A comodidade de recarregar seu celular est\u00e1 a apenas alguns cliques de dist\u00e2ncia. Recarrege seu celular de maneira r\u00e1pida, segura e sem complica\u00e7\u00f5es, diretamente do conforto  de sua casa em seu dispositivo.<\/p>\n\n\n\n<div style=\"height:20px\" aria-hidden=\"true\" class=\"wp-block-spacer\"><\/div>\n<\/div>\n<\/div>\n\n\n\n<div style=\"height:80px\" aria-hidden=\"true\" class=\"wp-block-spacer\"><\/div>\n\n\n\n<div class=\"wp-block-cover alignfull\" style=\"min-height:600px;aspect-ratio:unset;\"><span aria-hidden=\"true\" class=\"wp-block-cover__background has-nv-light-bg-background-color has-background-dim-100 has-background-dim\"><\/span><div class=\"wp-block-cover__inner-container is-layout-flow wp-block-cover-is-layout-flow\">\n<div class=\"wp-block-group\"><div class=\"wp-block-group__inner-container is-layout-flow wp-block-group-is-layout-flow\">\n<div style=\"height:80px\" aria-hidden=\"true\" class=\"wp-block-spacer\"><\/div>\n\n\n\n<div class=\"wp-block-columns are-vertically-aligned-center is-layout-flex wp-container-core-columns-is-layout-9d6595d7 wp-block-columns-is-layout-flex\">\n<div class=\"wp-block-column is-vertically-aligned-center is-layout-flow wp-block-column-is-layout-flow\" style=\"flex-basis:50%\">\n<figure class=\"wp-block-image size-full\"><img loading=\"lazy\" decoding=\"async\" width=\"600\" height=\"600\" src=\"http:\/\/jadigital.com.br\/wp-content\/uploads\/2020\/01\/neve-web-design-bg-08.jpg\" alt=\"\" class=\"wp-image-35\" srcset=\"https:\/\/jadigital.com.br\/wp-content\/uploads\/2020\/01\/neve-web-design-bg-08.jpg 600w, https:\/\/jadigital.com.br\/wp-content\/uploads\/2020\/01\/neve-web-design-bg-08-300x300.jpg 300w, https:\/\/jadigital.com.br\/wp-content\/uploads\/2020\/01\/neve-web-design-bg-08-150x150.jpg 150w\" sizes=\"auto, (max-width: 600px) 100vw, 600px\" \/><\/figure>\n<\/div>\n\n\n\n<div class=\"wp-block-column is-vertically-aligned-center is-layout-flow wp-block-column-is-layout-flow\" style=\"flex-basis:50%\">\n<div style=\"height:20px\" aria-hidden=\"true\" class=\"wp-block-spacer\"><\/div>\n\n\n\n<h2 class=\"wp-block-heading has-text-align-left has-neve-text-color-color has-text-color\" id=\"empresa\">O QUE FAZEMOS<\/h2>\n\n\n\n<p class=\"has-text-align-left has-neve-text-color-color has-text-color\" style=\"font-size:17px\">Fornecemos solu\u00e7\u00f5es tecnol\u00f3gicas que permitem novas experi\u00eancias ao usu\u00e1rio na oferta de produtos financeiros. Nosso foco \u00e9 desenvolver produtos customizados e adequados ao p\u00fablico, com experi\u00eancias voltadas a mobilidade e principalmente a usabilidade, acompanhando as necessidades do setor atuante.<br><br>Temos uma equipe especializada e totalmente voltada \u00e0 atua\u00e7\u00e3o em desenvolvimento e melhoria cont\u00ednua de produtos. A nossa responsabilidade \u00e9 entregar solu\u00e7\u00f5es tecnol\u00f3gicas e financeiras que promovam o processo de bancariza\u00e7\u00e3o dos setores da economia.<\/p>\n\n\n\n<div class=\"wp-block-buttons is-horizontal is-content-justification-left is-layout-flex wp-container-core-buttons-is-layout-7e5fce0a wp-block-buttons-is-layout-flex\">\n<div class=\"wp-block-button is-style-primary\"><a class=\"wp-block-button__link wp-element-button\" href=\"https:\/\/jadigital.ib.jadigital.com.br\/auth\/login\">MOBILIDADE E USABILIDADE<\/a><\/div>\n<\/div>\n<\/div>\n<\/div>\n\n\n\n<div style=\"height:40px\" aria-hidden=\"true\" class=\"wp-block-spacer\"><\/div>\n<\/div><\/div>\n<\/div><\/div>\n\n\n\n<div class=\"wp-block-cover alignfull\" style=\"min-height:600px;aspect-ratio:unset;\"><span aria-hidden=\"true\" class=\"wp-block-cover__background has-nv-site-bg-background-color has-background-dim-100 has-background-dim\"><\/span><div class=\"wp-block-cover__inner-container is-layout-flow wp-block-cover-is-layout-flow\">\n<div class=\"wp-block-group\"><div class=\"wp-block-group__inner-container is-layout-flow wp-block-group-is-layout-flow\">\n<div style=\"height:80px\" aria-hidden=\"true\" class=\"wp-block-spacer\"><\/div>\n\n\n\n<div class=\"wp-block-columns are-vertically-aligned-center is-layout-flex wp-container-core-columns-is-layout-9d6595d7 wp-block-columns-is-layout-flex\">\n<div class=\"wp-block-column is-vertically-aligned-center is-layout-flow wp-block-column-is-layout-flow\" style=\"flex-basis:50%\">\n<h2 class=\"wp-block-heading has-text-align-left has-neve-text-color-color has-text-color\" id=\"missao\">MISS\u00c3O E VIS\u00c3O<\/h2>\n\n\n\n<p class=\"has-text-align-left has-neve-text-color-color has-text-color\" style=\"font-size:17px\">A empresa tem a miss\u00e3o de pensar e inovar no setor de mobilidade, oferecendo conte\u00fados digitais, servi\u00e7os e produtos financeiros diversos, facilitando e aprimorando a experi\u00eancia do usu\u00e1rio e a vida do cidad\u00e3o. <br><br>Acreditamos que inova\u00e7\u00e3o \u00e9, antes de tudo, atitude. Decidir, surpreender, testar e implantar novas realidades e redefinir o futuro. Queremos criar ideias que transformem pessoas e, assim, impulsionar as pessoas a transformar o mundo.<\/p>\n\n\n\n<div class=\"wp-block-buttons is-horizontal is-content-justification-left is-layout-flex wp-container-core-buttons-is-layout-7e5fce0a wp-block-buttons-is-layout-flex\">\n<div class=\"wp-block-button is-style-primary\"><a class=\"wp-block-button__link wp-element-button\" href=\"https:\/\/jadigital.ib.jadigital.com.br\/auth\/login\">FA\u00c7A J\u00c1 PARTE DESSA TRANSFORMA\u00c7\u00c3O<\/a><\/div>\n<\/div>\n\n\n\n<div style=\"height:40px\" aria-hidden=\"true\" class=\"wp-block-spacer\"><\/div>\n<\/div>\n\n\n\n<div class=\"wp-block-column is-vertically-aligned-center is-layout-flow wp-block-column-is-layout-flow\" style=\"flex-basis:50%\">\n<figure class=\"wp-block-image size-full\"><img loading=\"lazy\" decoding=\"async\" width=\"600\" height=\"600\" src=\"http:\/\/jadigital.com.br\/wp-content\/uploads\/2024\/02\/missao.jpg\" alt=\"\" class=\"wp-image-388\" srcset=\"https:\/\/jadigital.com.br\/wp-content\/uploads\/2024\/02\/missao.jpg 600w, https:\/\/jadigital.com.br\/wp-content\/uploads\/2024\/02\/missao-300x300.jpg 300w, https:\/\/jadigital.com.br\/wp-content\/uploads\/2024\/02\/missao-150x150.jpg 150w\" sizes=\"auto, (max-width: 600px) 100vw, 600px\" \/><\/figure>\n<\/div>\n<\/div>\n\n\n\n<div style=\"height:40px\" aria-hidden=\"true\" class=\"wp-block-spacer\"><\/div>\n<\/div><\/div>\n<\/div><\/div>\n\n\n\n<div class=\"wp-block-cover alignfull\" style=\"min-height:600px;aspect-ratio:unset;\"><span aria-hidden=\"true\" class=\"wp-block-cover__background has-nv-dark-bg-background-color has-background-dim-100 has-background-dim\"><\/span><div class=\"wp-block-cover__inner-container is-layout-flow wp-block-cover-is-layout-flow\">\n<div class=\"wp-block-group\"><div class=\"wp-block-group__inner-container is-layout-flow wp-block-group-is-layout-flow\">\n<div style=\"height:80px\" aria-hidden=\"true\" class=\"wp-block-spacer\"><\/div>\n\n\n\n<div class=\"wp-block-columns are-vertically-aligned-center is-layout-flex wp-container-core-columns-is-layout-9d6595d7 wp-block-columns-is-layout-flex\">\n<div class=\"wp-block-column is-vertically-aligned-center is-layout-flow wp-block-column-is-layout-flow\" style=\"flex-basis:50%\">\n<figure class=\"wp-block-image size-full\"><img loading=\"lazy\" decoding=\"async\" width=\"1000\" height=\"1000\" src=\"http:\/\/jadigital.com.br\/wp-content\/uploads\/2025\/01\/BANNER_7.jpg\" alt=\"\" class=\"wp-image-542\" srcset=\"https:\/\/jadigital.com.br\/wp-content\/uploads\/2025\/01\/BANNER_7.jpg 1000w, https:\/\/jadigital.com.br\/wp-content\/uploads\/2025\/01\/BANNER_7-300x300.jpg 300w, https:\/\/jadigital.com.br\/wp-content\/uploads\/2025\/01\/BANNER_7-150x150.jpg 150w, https:\/\/jadigital.com.br\/wp-content\/uploads\/2025\/01\/BANNER_7-768x768.jpg 768w\" sizes=\"auto, (max-width: 1000px) 100vw, 1000px\" \/><\/figure>\n<\/div>\n\n\n\n<div class=\"wp-block-column is-vertically-aligned-center is-layout-flow wp-block-column-is-layout-flow\" style=\"flex-basis:50%\">\n<div style=\"height:40px\" aria-hidden=\"true\" class=\"wp-block-spacer\"><\/div>\n\n\n\n<h2 class=\"wp-block-heading has-text-align-left has-nv-text-dark-bg-color has-text-color\" id=\"fazemos\">A EMPRESA<\/h2>\n\n\n\n<p class=\"has-text-align-left has-nv-text-dark-bg-color has-text-color\" style=\"font-size:17px\">Sediada em Jundia\u00ed, no interior de S\u00e3o Paulo, a J\u00c1 DIGITAL \u00e9 uma empresa brasileira de base tecnol\u00f3gica dedicada a formular e construir meios digitais que convergem solu\u00e7\u00f5es pioneiras em mobilidade urbana, produtos financeiros e benef\u00edcios.<br><\/p>\n\n\n\n<div class=\"wp-block-buttons is-horizontal is-content-justification-left is-layout-flex wp-container-core-buttons-is-layout-7e5fce0a wp-block-buttons-is-layout-flex\">\n<div class=\"wp-block-button is-style-primary\"><a class=\"wp-block-button__link wp-element-button\" href=\"https:\/\/jadigital.ib.jadigital.com.br\/auth\/login\">BENEF\u00cdCIOS TODOS OS DIAS<\/a><\/div>\n<\/div>\n<\/div>\n<\/div>\n\n\n\n<div style=\"height:50px\" aria-hidden=\"true\" class=\"wp-block-spacer\"><\/div>\n<\/div><\/div>\n<\/div><\/div>\n\n\n\n<div style=\"height:41px\" aria-hidden=\"true\" class=\"wp-block-spacer\"><\/div>\n\n\n\n<h2 class=\"wp-block-heading has-text-align-center\">Parceiros<\/h2>\n\n\n\n<figure class=\"wp-block-gallery aligncenter has-nested-images columns-default is-cropped wp-block-gallery-1 is-layout-flex wp-block-gallery-is-layout-flex\"><div class=\"wp-block-image\">\n<figure class=\"aligncenter size-full\"><img loading=\"lazy\" decoding=\"async\" width=\"153\" height=\"174\" data-id=\"479\" src=\"http:\/\/jadigital.com.br\/wp-content\/uploads\/2024\/02\/id1.png\" alt=\"\" class=\"wp-image-479\"\/><\/figure>\n<\/div>\n\n<div class=\"wp-block-image\">\n<figure class=\"aligncenter size-full\"><img loading=\"lazy\" decoding=\"async\" width=\"262\" height=\"174\" data-id=\"480\" src=\"http:\/\/jadigital.com.br\/wp-content\/uploads\/2024\/02\/celcoin1.png\" alt=\"\" class=\"wp-image-480\"\/><\/figure>\n<\/div>\n\n<div class=\"wp-block-image\">\n<figure class=\"aligncenter size-full\"><img loading=\"lazy\" decoding=\"async\" width=\"174\" height=\"174\" data-id=\"481\" src=\"http:\/\/jadigital.com.br\/wp-content\/uploads\/2024\/02\/aws1.png\" alt=\"\" class=\"wp-image-481\" srcset=\"https:\/\/jadigital.com.br\/wp-content\/uploads\/2024\/02\/aws1.png 174w, https:\/\/jadigital.com.br\/wp-content\/uploads\/2024\/02\/aws1-150x150.png 150w\" sizes=\"auto, (max-width: 174px) 100vw, 174px\" \/><\/figure>\n<\/div><\/figure>\n\n\n\n<div style=\"height:25px\" aria-hidden=\"true\" class=\"wp-block-spacer\"><\/div>\n\n\n\n<div class=\"wp-block-cover alignfull\" style=\"min-height:300px;aspect-ratio:unset;\"><span aria-hidden=\"true\" class=\"wp-block-cover__background has-nv-dark-bg-background-color has-background-dim-100 has-background-dim\"><\/span><div class=\"wp-block-cover__inner-container is-layout-flow wp-block-cover-is-layout-flow\">\n<div style=\"height:140px\" aria-hidden=\"true\" class=\"wp-block-spacer\"><\/div>\n\n\n\n<h2 class=\"wp-block-heading has-text-align-center has-nv-text-dark-bg-color has-text-color\">Escrit\u00f3rio Administrativo<\/h2>\n\n\n\n<p class=\"has-text-align-center\"><span class=\"highlight\">Rua Bar\u00e3o de Teff\u00e9, 160, sala 403 \u2013 Cond. Helbor Office<br>Jundia\u00ed\/SP<\/span><br>Atendimento: +55 (11) 910993348<br>falecom@jadigital.com.br<\/p>\n\n\n\n<div class=\"wp-block-buttons is-horizontal is-content-justification-center is-layout-flex wp-container-core-buttons-is-layout-499968f5 wp-block-buttons-is-layout-flex\">\n<div class=\"wp-block-button is-style-primary\"><a class=\"wp-block-button__link wp-element-button\" href=\"mailto:falecom@jadigital.com.br\">ENTRE EM CONTATO<\/a><\/div>\n<\/div>\n\n\n\n<div style=\"height:140px\" aria-hidden=\"true\" class=\"wp-block-spacer\"><\/div>\n<\/div><\/div>\n","protected":false},"excerpt":{"rendered":"<p>Pagamento de Contas Com o J\u00e1 Digital, quitar contas torna-se \u00e1gil e descomplicado. Pagamentos com apenas alguns cliques, sem sair de casa. Desfrute da facilidade que oferecemos para que tenha mais tempo para o que realmente importa. Pix Com apenas alguns toques, seu dinheiro \u00e9 enviado ou recebido na velocidade da tecnologia. Simplificamos para tornar&hellip;&nbsp;<a href=\"https:\/\/jadigital.com.br\/\" class=\"\" rel=\"bookmark\">Continue a ler &raquo;<span class=\"screen-reader-text\">Home<\/span><\/a><\/p>\n","protected":false},"author":1,"featured_media":0,"parent":0,"menu_order":0,"comment_status":"closed","ping_status":"closed","template":"","meta":{"neve_meta_sidebar":"default","neve_meta_container":"default","neve_meta_enable_content_width":"on","neve_meta_content_width":100,"neve_meta_title_alignment":"","neve_meta_author_avatar":"","neve_post_elements_order":"","neve_meta_disable_header":"","neve_meta_disable_footer":"","neve_meta_disable_title":"on","_themeisle_gutenberg_block_has_review":false,"_ti_tpc_template_sync":false,"_ti_tpc_template_id":"5udqur826ojgsxrmsxsc","footnotes":""},"class_list":["post-309","page","type-page","status-publish","hentry"],"_links":{"self":[{"href":"https:\/\/jadigital.com.br\/index.php?rest_route=\/wp\/v2\/pages\/309","targetHints":{"allow":["GET"]}}],"collection":[{"href":"https:\/\/jadigital.com.br\/index.php?rest_route=\/wp\/v2\/pages"}],"about":[{"href":"https:\/\/jadigital.com.br\/index.php?rest_route=\/wp\/v2\/types\/page"}],"author":[{"embeddable":true,"href":"https:\/\/jadigital.com.br\/index.php?rest_route=\/wp\/v2\/users\/1"}],"replies":[{"embeddable":true,"href":"https:\/\/jadigital.com.br\/index.php?rest_route=%2Fwp%2Fv2%2Fcomments&post=309"}],"version-history":[{"count":48,"href":"https:\/\/jadigital.com.br\/index.php?rest_route=\/wp\/v2\/pages\/309\/revisions"}],"predecessor-version":[{"id":543,"href":"https:\/\/jadigital.com.br\/index.php?rest_route=\/wp\/v2\/pages\/309\/revisions\/543"}],"wp:attachment":[{"href":"https:\/\/jadigital.com.br\/index.php?rest_route=%2Fwp%2Fv2%2Fmedia&parent=309"}],"curies":[{"name":"wp","href":"https:\/\/api.w.org\/{rel}","templated":true}]}}